{"id":1013,"date":"2024-12-28T20:00:58","date_gmt":"2024-12-28T19:00:58","guid":{"rendered":"http:\/\/www.p2-ingenieure.de\/wordpress\/?page_id=1013"},"modified":"2025-03-02T20:35:52","modified_gmt":"2025-03-02T19:35:52","slug":"instandhaltungsmanagement","status":"publish","type":"page","link":"https:\/\/www.p2-ingenieure.de\/gut\/leistungen\/instandhaltungsmanagement\/","title":{"rendered":"Instandhaltungsmanagement"},"content":{"rendered":"<p>Instandhaltungsmanagement (Instandhaltungsplanung) und M\u00e4ngelmanagement geh\u00f6ren im Rahmen der Haus- und Immobilienverwaltung zu den Grundlagen des Werterhalts.<\/p>\n<p>Nicht durchgef\u00fchrte Instandhaltungen f\u00fchren<\/p>\n<ul>\n<li>zu sp\u00e4teren Mehraufwendungen infolge aufgetretener Sch\u00e4den<\/li>\n<li>zur Verschiebung der Kostenbelastungen<\/li>\n<li>zur falschen Wertvorstellung der Immobilie<\/li>\n<\/ul>\n<p>Instandhaltungsplanung bedeutet<\/p>\n<ul>\n<li>Absch\u00e4tzen des mittel- bis langfristen Ansparbedarfs f\u00fcr die Eigent\u00fcmer<\/li>\n<li>Hinweise auf ggf. notwendige Sonderumlagen mit zeitlicher Eingrenzung<\/li>\n<li>Offenlegung des aktuellen M\u00e4ngelstatut<\/li>\n<li>Instandhaltung planen statt reagieren auf Schadenereigenisse<\/li>\n<\/ul>\n<p>Die Instandhaltungsplanung erfolgt f\u00fcr kurz-\/mittel- und langfristig Perspektiven\u00a0auf der Basis der<br \/>\nPlanungs- und\/oder\u00a0Sanierungserfahrung<\/p>\n<p>Hierzu bedarf es u.a. der Einsch\u00e4tzung von<\/p>\n<ul>\n<li>etwaigen vorhandenen M\u00e4ngeln und<\/li>\n<li>der Lebensdauer der Bauteile bzw. Materialien.<\/li>\n<\/ul>\n<p>weitere Informationen, Grundlagen und Hinweise unter : <a href=\"http:\/\/www.instandhaltungsmanagement.com\/\" target=\"_blank\" rel=\"noopener\">www.instandhaltungsmanagement.com<\/a><\/p>\n","protected":false},"excerpt":{"rendered":"<p>F\u00fcr alle Hausbesitzer und -Verwalter bieten wir einen Planungsservice an, der unerwarteten Ausf\u00e4llen und Kosten vorbeugt.<\/p>\n","protected":false},"author":1,"featured_media":1150,"parent":1136,"menu_order":0,"comment_status":"closed","ping_status":"closed","template":"","meta":{"footnotes":""},"class_list":["post-1013","page","type-page","status-publish","has-post-thumbnail","hentry","entry","has-media"],"yoast_head":"<!-- This site is optimized with the Yoast SEO plugin v25.9 - https:\/\/yoast.com\/wordpress\/plugins\/seo\/ -->\n<title>Instandhaltungsmanagement - P\u00b2 Ingenieure<\/title>\n<meta name=\"robots\" content=\"index, follow, max-snippet:-1, max-image-preview:large, max-video-preview:-1\" \/>\n<link rel=\"canonical\" href=\"https:\/\/www.p2-ingenieure.de\/gut\/leistungen\/instandhaltungsmanagement\/\" \/>\n<meta property=\"og:locale\" content=\"de_DE\" \/>\n<meta property=\"og:type\" content=\"article\" \/>\n<meta property=\"og:title\" content=\"Instandhaltungsmanagement - P\u00b2 Ingenieure\" \/>\n<meta property=\"og:description\" content=\"F\u00fcr alle Hausbesitzer und -Verwalter bieten wir einen Planungsservice an, der unerwarteten Ausf\u00e4llen und Kosten vorbeugt.\" \/>\n<meta property=\"og:url\" content=\"https:\/\/www.p2-ingenieure.de\/gut\/leistungen\/instandhaltungsmanagement\/\" \/>\n<meta property=\"og:site_name\" content=\"P\u00b2 Ingenieure\" \/>\n<meta property=\"article:modified_time\" content=\"2025-03-02T19:35:52+00:00\" \/>\n<meta property=\"og:image\" content=\"https:\/\/www.p2-ingenieure.de\/gut\/wp-content\/uploads\/2016\/11\/PI-Instandhaltung2-1.jpg\" \/>\n\t<meta property=\"og:image:width\" content=\"1000\" \/>\n\t<meta property=\"og:image:height\" content=\"350\" \/>\n\t<meta property=\"og:image:type\" content=\"image\/jpeg\" \/>\n<meta name=\"twitter:card\" content=\"summary_large_image\" \/>\n<meta name=\"twitter:label1\" content=\"Gesch\u00e4tzte Lesezeit\" \/>\n\t<meta name=\"twitter:data1\" content=\"1\u00a0Minute\" \/>\n<script type=\"application\/ld+json\" class=\"yoast-schema-graph\">{\"@context\":\"https:\/\/schema.org\",\"@graph\":[{\"@type\":\"WebPage\",\"@id\":\"https:\/\/www.p2-ingenieure.de\/gut\/leistungen\/instandhaltungsmanagement\/\",\"url\":\"https:\/\/www.p2-ingenieure.de\/gut\/leistungen\/instandhaltungsmanagement\/\",\"name\":\"Instandhaltungsmanagement - P\u00b2 Ingenieure\",\"isPartOf\":{\"@id\":\"https:\/\/www.p2-ingenieure.de\/gut\/#website\"},\"primaryImageOfPage\":{\"@id\":\"https:\/\/www.p2-ingenieure.de\/gut\/leistungen\/instandhaltungsmanagement\/#primaryimage\"},\"image\":{\"@id\":\"https:\/\/www.p2-ingenieure.de\/gut\/leistungen\/instandhaltungsmanagement\/#primaryimage\"},\"thumbnailUrl\":\"https:\/\/www.p2-ingenieure.de\/gut\/wp-content\/uploads\/2016\/11\/PI-Instandhaltung2-1.jpg\",\"datePublished\":\"2024-12-28T19:00:58+00:00\",\"dateModified\":\"2025-03-02T19:35:52+00:00\",\"breadcrumb\":{\"@id\":\"https:\/\/www.p2-ingenieure.de\/gut\/leistungen\/instandhaltungsmanagement\/#breadcrumb\"},\"inLanguage\":\"de\",\"potentialAction\":[{\"@type\":\"ReadAction\",\"target\":[\"https:\/\/www.p2-ingenieure.de\/gut\/leistungen\/instandhaltungsmanagement\/\"]}]},{\"@type\":\"ImageObject\",\"inLanguage\":\"de\",\"@id\":\"https:\/\/www.p2-ingenieure.de\/gut\/leistungen\/instandhaltungsmanagement\/#primaryimage\",\"url\":\"https:\/\/www.p2-ingenieure.de\/gut\/wp-content\/uploads\/2016\/11\/PI-Instandhaltung2-1.jpg\",\"contentUrl\":\"https:\/\/www.p2-ingenieure.de\/gut\/wp-content\/uploads\/2016\/11\/PI-Instandhaltung2-1.jpg\",\"width\":1000,\"height\":350},{\"@type\":\"BreadcrumbList\",\"@id\":\"https:\/\/www.p2-ingenieure.de\/gut\/leistungen\/instandhaltungsmanagement\/#breadcrumb\",\"itemListElement\":[{\"@type\":\"ListItem\",\"position\":1,\"name\":\"Startseite\",\"item\":\"https:\/\/www.p2-ingenieure.de\/gut\/\"},{\"@type\":\"ListItem\",\"position\":2,\"name\":\"Leistungen\",\"item\":\"https:\/\/www.p2-ingenieure.de\/gut\/leistungen\/\"},{\"@type\":\"ListItem\",\"position\":3,\"name\":\"Instandhaltungsmanagement\"}]},{\"@type\":\"WebSite\",\"@id\":\"https:\/\/www.p2-ingenieure.de\/gut\/#website\",\"url\":\"https:\/\/www.p2-ingenieure.de\/gut\/\",\"name\":\"P\u00b2 Ingenieure\",\"description\":\"Ingenieurb\u00fcro Sabine und Manfred Puche\",\"publisher\":{\"@id\":\"https:\/\/www.p2-ingenieure.de\/gut\/#organization\"},\"potentialAction\":[{\"@type\":\"SearchAction\",\"target\":{\"@type\":\"EntryPoint\",\"urlTemplate\":\"https:\/\/www.p2-ingenieure.de\/gut\/?s={search_term_string}\"},\"query-input\":{\"@type\":\"PropertyValueSpecification\",\"valueRequired\":true,\"valueName\":\"search_term_string\"}}],\"inLanguage\":\"de\"},{\"@type\":\"Organization\",\"@id\":\"https:\/\/www.p2-ingenieure.de\/gut\/#organization\",\"name\":\"P\u00b2 Ingenieure\",\"url\":\"https:\/\/www.p2-ingenieure.de\/gut\/\",\"logo\":{\"@type\":\"ImageObject\",\"inLanguage\":\"de\",\"@id\":\"https:\/\/www.p2-ingenieure.de\/gut\/#\/schema\/logo\/image\/\",\"url\":\"https:\/\/www.p2-ingenieure.de\/gut\/wp-content\/uploads\/2025\/02\/cropped-logo200x200.png\",\"contentUrl\":\"https:\/\/www.p2-ingenieure.de\/gut\/wp-content\/uploads\/2025\/02\/cropped-logo200x200.png\",\"width\":512,\"height\":512,\"caption\":\"P\u00b2 Ingenieure\"},\"image\":{\"@id\":\"https:\/\/www.p2-ingenieure.de\/gut\/#\/schema\/logo\/image\/\"}}]}<\/script>\n<!-- \/ Yoast SEO plugin. -->","yoast_head_json":{"title":"Instandhaltungsmanagement - P\u00b2 Ingenieure","robots":{"index":"index","follow":"follow","max-snippet":"max-snippet:-1","max-image-preview":"max-image-preview:large","max-video-preview":"max-video-preview:-1"},"canonical":"https:\/\/www.p2-ingenieure.de\/gut\/leistungen\/instandhaltungsmanagement\/","og_locale":"de_DE","og_type":"article","og_title":"Instandhaltungsmanagement - P\u00b2 Ingenieure","og_description":"F\u00fcr alle Hausbesitzer und -Verwalter bieten wir einen Planungsservice an, der unerwarteten Ausf\u00e4llen und Kosten vorbeugt.","og_url":"https:\/\/www.p2-ingenieure.de\/gut\/leistungen\/instandhaltungsmanagement\/","og_site_name":"P\u00b2 Ingenieure","article_modified_time":"2025-03-02T19:35:52+00:00","og_image":[{"width":1000,"height":350,"url":"https:\/\/www.p2-ingenieure.de\/gut\/wp-content\/uploads\/2016\/11\/PI-Instandhaltung2-1.jpg","type":"image\/jpeg"}],"twitter_card":"summary_large_image","twitter_misc":{"Gesch\u00e4tzte Lesezeit":"1\u00a0Minute"},"schema":{"@context":"https:\/\/schema.org","@graph":[{"@type":"WebPage","@id":"https:\/\/www.p2-ingenieure.de\/gut\/leistungen\/instandhaltungsmanagement\/","url":"https:\/\/www.p2-ingenieure.de\/gut\/leistungen\/instandhaltungsmanagement\/","name":"Instandhaltungsmanagement - P\u00b2 Ingenieure","isPartOf":{"@id":"https:\/\/www.p2-ingenieure.de\/gut\/#website"},"primaryImageOfPage":{"@id":"https:\/\/www.p2-ingenieure.de\/gut\/leistungen\/instandhaltungsmanagement\/#primaryimage"},"image":{"@id":"https:\/\/www.p2-ingenieure.de\/gut\/leistungen\/instandhaltungsmanagement\/#primaryimage"},"thumbnailUrl":"https:\/\/www.p2-ingenieure.de\/gut\/wp-content\/uploads\/2016\/11\/PI-Instandhaltung2-1.jpg","datePublished":"2024-12-28T19:00:58+00:00","dateModified":"2025-03-02T19:35:52+00:00","breadcrumb":{"@id":"https:\/\/www.p2-ingenieure.de\/gut\/leistungen\/instandhaltungsmanagement\/#breadcrumb"},"inLanguage":"de","potentialAction":[{"@type":"ReadAction","target":["https:\/\/www.p2-ingenieure.de\/gut\/leistungen\/instandhaltungsmanagement\/"]}]},{"@type":"ImageObject","inLanguage":"de","@id":"https:\/\/www.p2-ingenieure.de\/gut\/leistungen\/instandhaltungsmanagement\/#primaryimage","url":"https:\/\/www.p2-ingenieure.de\/gut\/wp-content\/uploads\/2016\/11\/PI-Instandhaltung2-1.jpg","contentUrl":"https:\/\/www.p2-ingenieure.de\/gut\/wp-content\/uploads\/2016\/11\/PI-Instandhaltung2-1.jpg","width":1000,"height":350},{"@type":"BreadcrumbList","@id":"https:\/\/www.p2-ingenieure.de\/gut\/leistungen\/instandhaltungsmanagement\/#breadcrumb","itemListElement":[{"@type":"ListItem","position":1,"name":"Startseite","item":"https:\/\/www.p2-ingenieure.de\/gut\/"},{"@type":"ListItem","position":2,"name":"Leistungen","item":"https:\/\/www.p2-ingenieure.de\/gut\/leistungen\/"},{"@type":"ListItem","position":3,"name":"Instandhaltungsmanagement"}]},{"@type":"WebSite","@id":"https:\/\/www.p2-ingenieure.de\/gut\/#website","url":"https:\/\/www.p2-ingenieure.de\/gut\/","name":"P\u00b2 Ingenieure","description":"Ingenieurb\u00fcro Sabine und Manfred Puche","publisher":{"@id":"https:\/\/www.p2-ingenieure.de\/gut\/#organization"},"potentialAction":[{"@type":"SearchAction","target":{"@type":"EntryPoint","urlTemplate":"https:\/\/www.p2-ingenieure.de\/gut\/?s={search_term_string}"},"query-input":{"@type":"PropertyValueSpecification","valueRequired":true,"valueName":"search_term_string"}}],"inLanguage":"de"},{"@type":"Organization","@id":"https:\/\/www.p2-ingenieure.de\/gut\/#organization","name":"P\u00b2 Ingenieure","url":"https:\/\/www.p2-ingenieure.de\/gut\/","logo":{"@type":"ImageObject","inLanguage":"de","@id":"https:\/\/www.p2-ingenieure.de\/gut\/#\/schema\/logo\/image\/","url":"https:\/\/www.p2-ingenieure.de\/gut\/wp-content\/uploads\/2025\/02\/cropped-logo200x200.png","contentUrl":"https:\/\/www.p2-ingenieure.de\/gut\/wp-content\/uploads\/2025\/02\/cropped-logo200x200.png","width":512,"height":512,"caption":"P\u00b2 Ingenieure"},"image":{"@id":"https:\/\/www.p2-ingenieure.de\/gut\/#\/schema\/logo\/image\/"}}]}},"_links":{"self":[{"href":"https:\/\/www.p2-ingenieure.de\/gut\/wp-json\/wp\/v2\/pages\/1013","targetHints":{"allow":["GET"]}}],"collection":[{"href":"https:\/\/www.p2-ingenieure.de\/gut\/wp-json\/wp\/v2\/pages"}],"about":[{"href":"https:\/\/www.p2-ingenieure.de\/gut\/wp-json\/wp\/v2\/types\/page"}],"author":[{"embeddable":true,"href":"https:\/\/www.p2-ingenieure.de\/gut\/wp-json\/wp\/v2\/users\/1"}],"replies":[{"embeddable":true,"href":"https:\/\/www.p2-ingenieure.de\/gut\/wp-json\/wp\/v2\/comments?post=1013"}],"version-history":[{"count":2,"href":"https:\/\/www.p2-ingenieure.de\/gut\/wp-json\/wp\/v2\/pages\/1013\/revisions"}],"predecessor-version":[{"id":3128,"href":"https:\/\/www.p2-ingenieure.de\/gut\/wp-json\/wp\/v2\/pages\/1013\/revisions\/3128"}],"up":[{"embeddable":true,"href":"https:\/\/www.p2-ingenieure.de\/gut\/wp-json\/wp\/v2\/pages\/1136"}],"wp:featuredmedia":[{"embeddable":true,"href":"https:\/\/www.p2-ingenieure.de\/gut\/wp-json\/wp\/v2\/media\/1150"}],"wp:attachment":[{"href":"https:\/\/www.p2-ingenieure.de\/gut\/wp-json\/wp\/v2\/media?parent=1013"}],"curies":[{"name":"wp","href":"https:\/\/api.w.org\/{rel}","templated":true}]}}