{"id":1024,"date":"2024-12-28T20:00:58","date_gmt":"2024-12-28T19:00:58","guid":{"rendered":"http:\/\/www.p2-ingenieure.de\/wordpress\/?page_id=1024"},"modified":"2025-02-02T06:45:08","modified_gmt":"2025-02-02T05:45:08","slug":"qualitaetssicherung","status":"publish","type":"page","link":"https:\/\/www.p2-ingenieure.de\/gut\/leistungen\/qualitaetssicherung\/","title":{"rendered":"Qualit\u00e4tssicherung"},"content":{"rendered":"<h4>Projektbegleitende QS<\/h4>\n<p>Schon in den fr\u00fchen Leistungsphasen (nach HOAI) k\u00f6nnen sich Planungsfehler einschleichen: kritische W\u00e4rmebr\u00fccken, schwierige Decken- und Balkonanschl\u00fcsse, Durchdringungen durch Abdichtungen.\u00a0Hier begleiten wir Bauherren und Projektgesellschaften mit unserer umfangreichen Erfahrung aus der Welt der M\u00e4ngel um fr\u00fchzeitig die kritischen Stellen zu beleuchten.<\/p>\n<p>Wird ein Projekt fr\u00fch begleitet, k\u00f6nnen diese M\u00e4ngel bereits als Planungsfehler identifiziert werden, die Korrektur erfolgt auf dem Plan.<\/p>\n<p>Der eingebundene Sachverst\u00e4ndige\u00a0 bringt die Erfahrungen anderer Projekte fr\u00fchzeitig ein, stellt entscheidende Fragen und korrigiert so Fehler, welche sonst erst auf der Baustelle auffallen.<\/p>\n<h4>Baubegleitende QS<\/h4>\n<p>Der Bauleiter hat die Arbeitsschritte der n\u00e4chsten 4-6 Wochen und des neuesten Planes \u201eauf dem Schirm\u201c. Die eingeschaltete sachverst\u00e4ndige Qualit\u00e4tssicherung denkt an die Abnahme und fragt: entsteht hier ggf. ein Mangel, kann eine Abweichung zur Abnahme toleriert werden, wie kann\/ muss jetzt gegengelenkt werden?<\/p>\n<p>Mangelfreie Oberfl\u00e4chen entstehen nur, wenn der Untergrund richtig erstellt wurde. Fr\u00fchzeit aufpassen ist unumg\u00e4nglich und <strong><u>der<\/u><\/strong> entscheidende Schl\u00fcssel f\u00fcr eine weitestgehend mangelfreie Abnahme. Die Bauleitung muss hier unterst\u00fctzt werden, der Projektleitung muss rechtzeitig dargelegt werden, welche Konflikte ausger\u00e4umt werden m\u00fcssen.<br \/>\nIm Einvernehmen mit der Bau- und Projektleitung werden Fehler vermieden und Abweichungen rechtzeitig ausger\u00e4umt.<\/p>\n<p>Bei Wohnungseigentumsanlagen setzt hier der QS-begleitende Sachverst\u00e4ndige die &#8222;Brille des Erwerbers auf&#8220; und vergleicht die Baubeschreibung mit dem entstehenen BauIST .<\/p>\n<p>Besser ein fr\u00fchzeitiger R\u00fcckbau, als eine verweigerte Abnahme.<\/p>\n","protected":false},"excerpt":{"rendered":"<p>Der Erfolg einer Bauma\u00dfnahme h\u00e4ngt neben Kosten und Termin auch von der Ausf\u00fchrung ab. Mit einer begleitenden \u00dcberwachung k\u00f6nnen M\u00e4ngel fr\u00fchzeitig oder sogar vor der Entstehung erkannt werden,..<\/p>\n","protected":false},"author":1,"featured_media":1076,"parent":1136,"menu_order":0,"comment_status":"closed","ping_status":"closed","template":"","meta":{"footnotes":""},"class_list":["post-1024","page","type-page","status-publish","has-post-thumbnail","hentry","entry","has-media"],"yoast_head":"<!-- This site is optimized with the Yoast SEO plugin v25.9 - https:\/\/yoast.com\/wordpress\/plugins\/seo\/ -->\n<title>Qualit\u00e4tssicherung - P\u00b2 Ingenieure<\/title>\n<meta name=\"robots\" content=\"index, follow, max-snippet:-1, max-image-preview:large, max-video-preview:-1\" \/>\n<link rel=\"canonical\" href=\"https:\/\/www.p2-ingenieure.de\/gut\/leistungen\/qualitaetssicherung\/\" \/>\n<meta property=\"og:locale\" content=\"de_DE\" \/>\n<meta property=\"og:type\" content=\"article\" \/>\n<meta property=\"og:title\" content=\"Qualit\u00e4tssicherung - P\u00b2 Ingenieure\" \/>\n<meta property=\"og:description\" content=\"Der Erfolg einer Bauma\u00dfnahme h\u00e4ngt neben Kosten und Termin auch von der Ausf\u00fchrung ab. Mit einer begleitenden \u00dcberwachung k\u00f6nnen M\u00e4ngel fr\u00fchzeitig oder sogar vor der Entstehung erkannt werden,..\" \/>\n<meta property=\"og:url\" content=\"https:\/\/www.p2-ingenieure.de\/gut\/leistungen\/qualitaetssicherung\/\" \/>\n<meta property=\"og:site_name\" content=\"P\u00b2 Ingenieure\" \/>\n<meta property=\"article:modified_time\" content=\"2025-02-02T05:45:08+00:00\" \/>\n<meta property=\"og:image\" content=\"https:\/\/www.p2-ingenieure.de\/gut\/wp-content\/uploads\/2016\/11\/PI-Creative-1.jpg\" \/>\n\t<meta property=\"og:image:width\" content=\"1000\" \/>\n\t<meta property=\"og:image:height\" content=\"350\" \/>\n\t<meta property=\"og:image:type\" content=\"image\/jpeg\" \/>\n<meta name=\"twitter:card\" content=\"summary_large_image\" \/>\n<meta name=\"twitter:label1\" content=\"Gesch\u00e4tzte Lesezeit\" \/>\n\t<meta name=\"twitter:data1\" content=\"1\u00a0Minute\" \/>\n<script type=\"application\/ld+json\" class=\"yoast-schema-graph\">{\"@context\":\"https:\/\/schema.org\",\"@graph\":[{\"@type\":\"WebPage\",\"@id\":\"https:\/\/www.p2-ingenieure.de\/gut\/leistungen\/qualitaetssicherung\/\",\"url\":\"https:\/\/www.p2-ingenieure.de\/gut\/leistungen\/qualitaetssicherung\/\",\"name\":\"Qualit\u00e4tssicherung - P\u00b2 Ingenieure\",\"isPartOf\":{\"@id\":\"https:\/\/www.p2-ingenieure.de\/gut\/#website\"},\"primaryImageOfPage\":{\"@id\":\"https:\/\/www.p2-ingenieure.de\/gut\/leistungen\/qualitaetssicherung\/#primaryimage\"},\"image\":{\"@id\":\"https:\/\/www.p2-ingenieure.de\/gut\/leistungen\/qualitaetssicherung\/#primaryimage\"},\"thumbnailUrl\":\"https:\/\/www.p2-ingenieure.de\/gut\/wp-content\/uploads\/2016\/11\/PI-Creative-1.jpg\",\"datePublished\":\"2024-12-28T19:00:58+00:00\",\"dateModified\":\"2025-02-02T05:45:08+00:00\",\"breadcrumb\":{\"@id\":\"https:\/\/www.p2-ingenieure.de\/gut\/leistungen\/qualitaetssicherung\/#breadcrumb\"},\"inLanguage\":\"de\",\"potentialAction\":[{\"@type\":\"ReadAction\",\"target\":[\"https:\/\/www.p2-ingenieure.de\/gut\/leistungen\/qualitaetssicherung\/\"]}]},{\"@type\":\"ImageObject\",\"inLanguage\":\"de\",\"@id\":\"https:\/\/www.p2-ingenieure.de\/gut\/leistungen\/qualitaetssicherung\/#primaryimage\",\"url\":\"https:\/\/www.p2-ingenieure.de\/gut\/wp-content\/uploads\/2016\/11\/PI-Creative-1.jpg\",\"contentUrl\":\"https:\/\/www.p2-ingenieure.de\/gut\/wp-content\/uploads\/2016\/11\/PI-Creative-1.jpg\",\"width\":1000,\"height\":350},{\"@type\":\"BreadcrumbList\",\"@id\":\"https:\/\/www.p2-ingenieure.de\/gut\/leistungen\/qualitaetssicherung\/#breadcrumb\",\"itemListElement\":[{\"@type\":\"ListItem\",\"position\":1,\"name\":\"Startseite\",\"item\":\"https:\/\/www.p2-ingenieure.de\/gut\/\"},{\"@type\":\"ListItem\",\"position\":2,\"name\":\"Leistungen\",\"item\":\"https:\/\/www.p2-ingenieure.de\/gut\/leistungen\/\"},{\"@type\":\"ListItem\",\"position\":3,\"name\":\"Qualit\u00e4tssicherung\"}]},{\"@type\":\"WebSite\",\"@id\":\"https:\/\/www.p2-ingenieure.de\/gut\/#website\",\"url\":\"https:\/\/www.p2-ingenieure.de\/gut\/\",\"name\":\"P\u00b2 Ingenieure\",\"description\":\"Ingenieurb\u00fcro Sabine und Manfred Puche\",\"publisher\":{\"@id\":\"https:\/\/www.p2-ingenieure.de\/gut\/#organization\"},\"potentialAction\":[{\"@type\":\"SearchAction\",\"target\":{\"@type\":\"EntryPoint\",\"urlTemplate\":\"https:\/\/www.p2-ingenieure.de\/gut\/?s={search_term_string}\"},\"query-input\":{\"@type\":\"PropertyValueSpecification\",\"valueRequired\":true,\"valueName\":\"search_term_string\"}}],\"inLanguage\":\"de\"},{\"@type\":\"Organization\",\"@id\":\"https:\/\/www.p2-ingenieure.de\/gut\/#organization\",\"name\":\"P\u00b2 Ingenieure\",\"url\":\"https:\/\/www.p2-ingenieure.de\/gut\/\",\"logo\":{\"@type\":\"ImageObject\",\"inLanguage\":\"de\",\"@id\":\"https:\/\/www.p2-ingenieure.de\/gut\/#\/schema\/logo\/image\/\",\"url\":\"https:\/\/www.p2-ingenieure.de\/gut\/wp-content\/uploads\/2025\/02\/cropped-logo200x200.png\",\"contentUrl\":\"https:\/\/www.p2-ingenieure.de\/gut\/wp-content\/uploads\/2025\/02\/cropped-logo200x200.png\",\"width\":512,\"height\":512,\"caption\":\"P\u00b2 Ingenieure\"},\"image\":{\"@id\":\"https:\/\/www.p2-ingenieure.de\/gut\/#\/schema\/logo\/image\/\"}}]}<\/script>\n<!-- \/ Yoast SEO plugin. -->","yoast_head_json":{"title":"Qualit\u00e4tssicherung - P\u00b2 Ingenieure","robots":{"index":"index","follow":"follow","max-snippet":"max-snippet:-1","max-image-preview":"max-image-preview:large","max-video-preview":"max-video-preview:-1"},"canonical":"https:\/\/www.p2-ingenieure.de\/gut\/leistungen\/qualitaetssicherung\/","og_locale":"de_DE","og_type":"article","og_title":"Qualit\u00e4tssicherung - P\u00b2 Ingenieure","og_description":"Der Erfolg einer Bauma\u00dfnahme h\u00e4ngt neben Kosten und Termin auch von der Ausf\u00fchrung ab. Mit einer begleitenden \u00dcberwachung k\u00f6nnen M\u00e4ngel fr\u00fchzeitig oder sogar vor der Entstehung erkannt werden,..","og_url":"https:\/\/www.p2-ingenieure.de\/gut\/leistungen\/qualitaetssicherung\/","og_site_name":"P\u00b2 Ingenieure","article_modified_time":"2025-02-02T05:45:08+00:00","og_image":[{"width":1000,"height":350,"url":"https:\/\/www.p2-ingenieure.de\/gut\/wp-content\/uploads\/2016\/11\/PI-Creative-1.jpg","type":"image\/jpeg"}],"twitter_card":"summary_large_image","twitter_misc":{"Gesch\u00e4tzte Lesezeit":"1\u00a0Minute"},"schema":{"@context":"https:\/\/schema.org","@graph":[{"@type":"WebPage","@id":"https:\/\/www.p2-ingenieure.de\/gut\/leistungen\/qualitaetssicherung\/","url":"https:\/\/www.p2-ingenieure.de\/gut\/leistungen\/qualitaetssicherung\/","name":"Qualit\u00e4tssicherung - P\u00b2 Ingenieure","isPartOf":{"@id":"https:\/\/www.p2-ingenieure.de\/gut\/#website"},"primaryImageOfPage":{"@id":"https:\/\/www.p2-ingenieure.de\/gut\/leistungen\/qualitaetssicherung\/#primaryimage"},"image":{"@id":"https:\/\/www.p2-ingenieure.de\/gut\/leistungen\/qualitaetssicherung\/#primaryimage"},"thumbnailUrl":"https:\/\/www.p2-ingenieure.de\/gut\/wp-content\/uploads\/2016\/11\/PI-Creative-1.jpg","datePublished":"2024-12-28T19:00:58+00:00","dateModified":"2025-02-02T05:45:08+00:00","breadcrumb":{"@id":"https:\/\/www.p2-ingenieure.de\/gut\/leistungen\/qualitaetssicherung\/#breadcrumb"},"inLanguage":"de","potentialAction":[{"@type":"ReadAction","target":["https:\/\/www.p2-ingenieure.de\/gut\/leistungen\/qualitaetssicherung\/"]}]},{"@type":"ImageObject","inLanguage":"de","@id":"https:\/\/www.p2-ingenieure.de\/gut\/leistungen\/qualitaetssicherung\/#primaryimage","url":"https:\/\/www.p2-ingenieure.de\/gut\/wp-content\/uploads\/2016\/11\/PI-Creative-1.jpg","contentUrl":"https:\/\/www.p2-ingenieure.de\/gut\/wp-content\/uploads\/2016\/11\/PI-Creative-1.jpg","width":1000,"height":350},{"@type":"BreadcrumbList","@id":"https:\/\/www.p2-ingenieure.de\/gut\/leistungen\/qualitaetssicherung\/#breadcrumb","itemListElement":[{"@type":"ListItem","position":1,"name":"Startseite","item":"https:\/\/www.p2-ingenieure.de\/gut\/"},{"@type":"ListItem","position":2,"name":"Leistungen","item":"https:\/\/www.p2-ingenieure.de\/gut\/leistungen\/"},{"@type":"ListItem","position":3,"name":"Qualit\u00e4tssicherung"}]},{"@type":"WebSite","@id":"https:\/\/www.p2-ingenieure.de\/gut\/#website","url":"https:\/\/www.p2-ingenieure.de\/gut\/","name":"P\u00b2 Ingenieure","description":"Ingenieurb\u00fcro Sabine und Manfred Puche","publisher":{"@id":"https:\/\/www.p2-ingenieure.de\/gut\/#organization"},"potentialAction":[{"@type":"SearchAction","target":{"@type":"EntryPoint","urlTemplate":"https:\/\/www.p2-ingenieure.de\/gut\/?s={search_term_string}"},"query-input":{"@type":"PropertyValueSpecification","valueRequired":true,"valueName":"search_term_string"}}],"inLanguage":"de"},{"@type":"Organization","@id":"https:\/\/www.p2-ingenieure.de\/gut\/#organization","name":"P\u00b2 Ingenieure","url":"https:\/\/www.p2-ingenieure.de\/gut\/","logo":{"@type":"ImageObject","inLanguage":"de","@id":"https:\/\/www.p2-ingenieure.de\/gut\/#\/schema\/logo\/image\/","url":"https:\/\/www.p2-ingenieure.de\/gut\/wp-content\/uploads\/2025\/02\/cropped-logo200x200.png","contentUrl":"https:\/\/www.p2-ingenieure.de\/gut\/wp-content\/uploads\/2025\/02\/cropped-logo200x200.png","width":512,"height":512,"caption":"P\u00b2 Ingenieure"},"image":{"@id":"https:\/\/www.p2-ingenieure.de\/gut\/#\/schema\/logo\/image\/"}}]}},"_links":{"self":[{"href":"https:\/\/www.p2-ingenieure.de\/gut\/wp-json\/wp\/v2\/pages\/1024","targetHints":{"allow":["GET"]}}],"collection":[{"href":"https:\/\/www.p2-ingenieure.de\/gut\/wp-json\/wp\/v2\/pages"}],"about":[{"href":"https:\/\/www.p2-ingenieure.de\/gut\/wp-json\/wp\/v2\/types\/page"}],"author":[{"embeddable":true,"href":"https:\/\/www.p2-ingenieure.de\/gut\/wp-json\/wp\/v2\/users\/1"}],"replies":[{"embeddable":true,"href":"https:\/\/www.p2-ingenieure.de\/gut\/wp-json\/wp\/v2\/comments?post=1024"}],"version-history":[{"count":1,"href":"https:\/\/www.p2-ingenieure.de\/gut\/wp-json\/wp\/v2\/pages\/1024\/revisions"}],"predecessor-version":[{"id":2934,"href":"https:\/\/www.p2-ingenieure.de\/gut\/wp-json\/wp\/v2\/pages\/1024\/revisions\/2934"}],"up":[{"embeddable":true,"href":"https:\/\/www.p2-ingenieure.de\/gut\/wp-json\/wp\/v2\/pages\/1136"}],"wp:featuredmedia":[{"embeddable":true,"href":"https:\/\/www.p2-ingenieure.de\/gut\/wp-json\/wp\/v2\/media\/1076"}],"wp:attachment":[{"href":"https:\/\/www.p2-ingenieure.de\/gut\/wp-json\/wp\/v2\/media?parent=1024"}],"curies":[{"name":"wp","href":"https:\/\/api.w.org\/{rel}","templated":true}]}}