{"id":1647,"date":"2024-12-28T20:00:57","date_gmt":"2024-12-28T19:00:57","guid":{"rendered":"http:\/\/www.p2-ingenieure.de\/wordpress\/?page_id=1647"},"modified":"2025-03-02T20:35:07","modified_gmt":"2025-03-02T19:35:07","slug":"datenschutz-dsgvo","status":"publish","type":"page","link":"https:\/\/www.p2-ingenieure.de\/gut\/home-2\/datenschutz-dsgvo\/","title":{"rendered":"Datenschutzerkl\u00e4rung"},"content":{"rendered":"<h3>Datenschutzhinweise<\/h3>\r\n<p>Wir behandeln Ihre personenbezogenen Daten vertraulich und entsprechend der gesetzlichen Datenschutzvorschriften sowie dieser Datenschutzerkl\u00e4rung.<\/p>\r\n<p>Wenn Sie diese Website benutzen, werden verschiedene personenbezogene Daten erhoben. Personenbezogene Daten sind Informationen aller Art, die Ihnen zumindest theoretisch zugeordnet werden k\u00f6nnen. Die vorliegende Datenschutzerkl\u00e4rung erl\u00e4utert, welche Daten wir erheben und wof\u00fcr wir sie nutzen.<\/p>\r\n<p>Wir weisen darauf hin, dass die Daten\u00fcbertragung im Internet (z.B. bei der Kommunikation per E-Mail) Sicherheitsl\u00fccken aufweisen kann. Ein l\u00fcckenloser Schutz der Daten vor dem Zugriff durch Dritte ist nicht m\u00f6glich.<\/p>\r\n<h3>Verantwortliche Stelle<\/h3>\r\n<p>Verantwortlich f\u00fcr die Datenverarbeitung auf dieser Website ist:<\/p>\r\n<p><strong>Manfred Puche<\/strong><br \/>Rodacher Weg 35<br \/>12249 Berlin<\/p>\r\n<p>Telefon: +49 (0)30 7116348<br \/>E-Mail: &#x6d;&#x61;&#x69;&#108;&#64;p2&#x2d;&#x69;&#x6e;&#103;&#101;ni&#x65;&#x75;&#x72;&#101;&#46;de&#x20;\r\n<h3><strong><br \/><\/strong>Datenschutzbeauftragter<\/h3>\r\n<p>Wir sind gesetzlich nicht verpflichtet einen Datenschutzbeauftragten zu benennen.<\/p>\r\n<h3>Datenerfassung auf unserer Website<\/h3>\r\n<h4>Server-Log-Dateien<\/h4>\r\n<p>Der Provider der Seiten erhebt und speichert automatisch Informationen in so genannten Server-Log-Dateien, die Ihr Browser automatisch an uns \u00fcbermittelt. Dies sind:<\/p>\r\n<ul>\r\n<li>Browsertyp und Browserversion<\/li>\r\n<li>verwendetes Betriebssystem<\/li>\r\n<li>Referrer URL<\/li>\r\n<li>Hostname des zugreifenden Rechners<\/li>\r\n<li>Uhrzeit der Serveranfrage<\/li>\r\n<li>IP-Adresse<\/li>\r\n<\/ul>\r\n<p>Eine Zusammenf\u00fchrung dieser Daten mit anderen Datenquellen wird nicht vorgenommen.<\/p>\r\n<p>Rechtsgrundlage f\u00fcr diese Datenverarbeitung ist unser berechtigtes Interesse am Betrieb dieser Internetseite, die Umsetzung der Schutzziele der Vertraulichkeit und die Verf\u00fcgbarkeit der Daten nach Art. 6 Abs. 1 lit. f) DSGVO.<\/p>\r\n<h4>Cookies<\/h4>\r\n<p>Cookies sind kleine Textdateien, die auf Ihrem Rechner abgelegt werden und welche Ihr Browser speichert. Diese Website verwendet\u00a0Cookies.\u00a0Wird der entsprechende Server unserer Webseite nun erneut vom Nutzer der Website aufgerufen, fragt die Website nach einem m\u00f6glicher Weise vorhandenen Cookie und verarbeitet die darin gespeicherten Informationen. Durch Cookies k\u00f6nnen z. B. Werbeeinblendungen gesteuert oder das Navigieren auf einer Internetseite erleichtert werden. Wenn der Nutzer der Website die Nutzung von Cookies unterbinden will, kann er dies durch lokale Vornahme der \u00c4nderungen seiner Einstellungen in dem auf seinem Computer verwendeten Internetbrowser, also dem Programm zum \u00d6ffnen und Anzeigen von Internetseiten (z.B. Internet Explorer, Mozilla Firefox, Opera oder Safari) tun.<\/p>\r\n<h4>Webanalyse<\/h4>\r\n<p>Ihr Nutzerverhalten wird\u00a0<strong>nicht<\/strong>\u00a0analysiert.<\/p>\r\n<h3>\u00a0<\/h3>\r\n<h4>E-Mail<\/h4>\r\n<p>Wenn Sie uns per E-Mail Anfragen zukommen lassen, werden Ihre Angaben inklusive der von Ihnen angegebenen Kontaktdaten zwecks Bearbeitung der Anfrage und f\u00fcr den Fall von Anschlussfragen bei uns gespeichert. Diese Daten geben wir nicht ohne Ihre Einwilligung weiter. Nach abgeschlossener Bearbeitung Ihrer Anfrage werden die Daten gel\u00f6scht, sofern nicht gesetzliche Bestimmungen \u2013 insbesondere Aufbewahrungsfristen \u2013 dem widersprechen.<\/p>\r\n<p>Die Verarbeitung der per E-Mail zugesendeten Daten erfolgt auf Grundlage von Art. 6 Abs. 1 lit. b) DSGVO der die Verarbeitung von personenbezogenen Daten zur Vertragserf\u00fcllung oder f\u00fcr vorvertragliche Ma\u00dfnahmen gestattet.<\/p>\r\n<p>Wir weisen darauf hin, dass unverschl\u00fcsselte E-Mails \u00fcber das Internet unter Umst\u00e4nden auch von Unbefugten gelesen werden k\u00f6nnen. Vertrauliche Mitteilungen sollten deshalb nicht per E-Mail \u00fcbermittelt werden.<\/p>\r\n<p><strong>\u00a0<\/strong><\/p>\r\n<h3>Ihre Rechte<\/h3>\r\n<p>Sie haben jederzeit das Recht <strong>unentgeltlich Auskunft<\/strong> \u00fcber Herkunft, Empf\u00e4nger und Zweck Ihrer gespeicherten personenbezogenen Daten zu erhalten. Sie k\u00f6nnen die <strong>Berichtigung<\/strong>, <strong>L\u00f6schung<\/strong> oder <strong>Einschr\u00e4nkung<\/strong> der Verarbeitung dieser Daten verlangen. Au\u00dferdem haben Sie ein <strong>Widerspruchsrecht<\/strong> gegen die Verarbeitung und ein Recht auf Daten\u00fcbertragbarkeit. Hierzu sowie zu weiteren Fragen zum Thema Datenschutz k\u00f6nnen Sie sich jederzeit an uns wenden.<\/p>\r\n<p>Im Falle datenschutzrechtlicher Verst\u00f6\u00dfe steht dem Betroffenen ein <strong>Beschwerderecht bei der zust\u00e4ndigen Aufsichtsbeh\u00f6rde<\/strong> zu. Zust\u00e4ndige Aufsichtsbeh\u00f6rden in datenschutzrechtlichen Fragen sind die <strong>Landesdatenschutzbeauftragten<\/strong> der Bundesl\u00e4nder. Eine Liste der Datenschutzbeauftragten sowie deren Kontaktdaten k\u00f6nnen folgendem Link entnommen werden:\u00a0<a href=\"https:\/\/www.bfdi.bund.de\/DE\/Infothek\/Anschriften_Links\/anschriften_links-node.html\">https:\/\/www.bfdi.bund.de\/DE\/Infothek\/Anschriften_Links\/anschriften_links-node.html<\/a>.<\/p>\r\n<h3>Eingebundene Dienste und Inhalte Dritter<\/h3>\r\n<h4>Google Web Fonts<\/h4>\r\n<p>Diese Seite nutzt zur einheitlichen Darstellung von Schriftarten so genannte Web Fonts, die von Google bereitgestellt werden. Beim Aufruf einer Seite l\u00e4dt Ihr Browser die ben\u00f6tigten Web Fonts in ihren Browsercache, um Texte und Schriftarten korrekt anzuzeigen.<\/p>\r\n<p>Zu diesem Zweck muss der von Ihnen verwendete Browser Verbindung zu den Servern von Google aufnehmen. Hierdurch erlangt Google Kenntnis dar\u00fcber, dass \u00fcber Ihre IP-Adresse unsere Website aufgerufen wurde. Die Nutzung von Google Web Fonts erfolgt im Interesse einer einheitlichen und ansprechenden Darstellung unserer Online-Angebote. Dies stellt ein berechtigtes Interesse im Sinne von Art. 6 Abs. 1 lit. f) DSGVO dar.<\/p>\r\n<p>Wenn Ihr Browser Web Fonts nicht unterst\u00fctzt, wird eine Standardschrift von Ihrem Computer genutzt.<\/p>\r\n<p>Durch die Teilnahme am sog. \u201ePrivacy Shield\u201c und den von Google zu Datenschutz und Datensicherheit getroffenen Ma\u00dfnahmen gew\u00e4hrleistet Google ein angemessenes Datenschutzniveau. Weitere Informationen zu Google Web Fonts finden Sie unter\u00a0<a href=\"https:\/\/developers.google.com\/fonts\/faq\">https:\/\/developers.google.com\/fonts\/faq<\/a>\u00a0und in der Datenschutzerkl\u00e4rung von Google:\u00a0<a href=\"https:\/\/www.google.com\/policies\/privacy\/\">https:\/\/www.google.com\/policies\/privacy\/<\/a>.<\/p>\r\n<h4>Google Maps<\/h4>\r\n<p>Diese Seite nutzt \u00fcber eine API den Kartendienst Google Maps. Anbieter ist die Google Inc., 1600 Amphitheatre Parkway, Mountain View, CA 94043, USA.<\/p>\r\n<p>Zur Nutzung der Funktionen von Google Maps ist es notwendig, Ihre IP Adresse zu speichern. Diese Informationen werden in der Regel an einen Server von Google in den USA \u00fcbertragen und dort gespeichert. Der Anbieter dieser Seite hat keinen Einfluss auf diese Daten\u00fcbertragung.<\/p>\r\n<p>Die Nutzung von Google Maps erfolgt im Interesse einer ansprechenden Darstellung unserer Online-Angebote und an einer leichten Auffindbarkeit der von uns auf der Website angegebenen Orte. Dies stellt ein berechtigtes Interesse im Sinne von Art. 6 Abs. 1 lit. f DSGVO dar.<\/p>\r\n<p>Durch die Teilnahme am sog. \u201ePrivacy Shield\u201c und den von Google zu Datenschutz und Datensicherheit getroffenen Ma\u00dfnahmen gew\u00e4hrleistet Google ein angemessenes Datenschutzniveau. Mehr Informationen zum Umgang mit Nutzerdaten finden Sie in der Datenschutzerkl\u00e4rung von Google: https:\/\/www.google.de\/intl\/de\/policies\/privacy\/.<\/p>\r\n\r\n[matomo_opt_out]\r\n\r\n\r\n\r\n<p>&nbsp;<\/p>\r\n","protected":false},"excerpt":{"rendered":"<p>Hinweise zum Schutz personenbezogener Daten gem\u00e4\u00df DSGVO<\/p>\n","protected":false},"author":1,"featured_media":1653,"parent":2595,"menu_order":0,"comment_status":"closed","ping_status":"closed","template":"","meta":{"footnotes":""},"class_list":["post-1647","page","type-page","status-publish","has-post-thumbnail","hentry","entry","has-media"],"yoast_head":"<!-- This site is optimized with the Yoast SEO plugin v25.9 - https:\/\/yoast.com\/wordpress\/plugins\/seo\/ -->\n<title>Datenschutzerkl\u00e4rung - P\u00b2 Ingenieure<\/title>\n<meta name=\"robots\" content=\"noindex, nofollow\" \/>\n<meta property=\"og:locale\" content=\"de_DE\" \/>\n<meta property=\"og:type\" content=\"article\" \/>\n<meta property=\"og:title\" content=\"Datenschutzerkl\u00e4rung - P\u00b2 Ingenieure\" \/>\n<meta property=\"og:description\" content=\"Hinweise zum Schutz personenbezogener Daten gem\u00e4\u00df DSGVO\" \/>\n<meta property=\"og:url\" content=\"https:\/\/www.p2-ingenieure.de\/gut\/home-2\/datenschutz-dsgvo\/\" \/>\n<meta property=\"og:site_name\" content=\"P\u00b2 Ingenieure\" \/>\n<meta property=\"article:modified_time\" content=\"2025-03-02T19:35:07+00:00\" \/>\n<meta property=\"og:image\" content=\"https:\/\/www.p2-ingenieure.de\/gut\/wp-content\/uploads\/2018\/04\/Datenschutz_img_cam-1.jpg\" \/>\n\t<meta property=\"og:image:width\" content=\"945\" \/>\n\t<meta property=\"og:image:height\" content=\"350\" \/>\n\t<meta property=\"og:image:type\" content=\"image\/jpeg\" \/>\n<meta name=\"twitter:card\" content=\"summary_large_image\" \/>\n<meta name=\"twitter:label1\" content=\"Gesch\u00e4tzte Lesezeit\" \/>\n\t<meta name=\"twitter:data1\" content=\"5\u00a0Minuten\" \/>\n<script type=\"application\/ld+json\" class=\"yoast-schema-graph\">{\"@context\":\"https:\/\/schema.org\",\"@graph\":[{\"@type\":\"WebPage\",\"@id\":\"https:\/\/www.p2-ingenieure.de\/gut\/home-2\/datenschutz-dsgvo\/\",\"url\":\"https:\/\/www.p2-ingenieure.de\/gut\/home-2\/datenschutz-dsgvo\/\",\"name\":\"Datenschutzerkl\u00e4rung - P\u00b2 Ingenieure\",\"isPartOf\":{\"@id\":\"https:\/\/www.p2-ingenieure.de\/gut\/#website\"},\"primaryImageOfPage\":{\"@id\":\"https:\/\/www.p2-ingenieure.de\/gut\/home-2\/datenschutz-dsgvo\/#primaryimage\"},\"image\":{\"@id\":\"https:\/\/www.p2-ingenieure.de\/gut\/home-2\/datenschutz-dsgvo\/#primaryimage\"},\"thumbnailUrl\":\"https:\/\/www.p2-ingenieure.de\/gut\/wp-content\/uploads\/2018\/04\/Datenschutz_img_cam-1.jpg\",\"datePublished\":\"2024-12-28T19:00:57+00:00\",\"dateModified\":\"2025-03-02T19:35:07+00:00\",\"breadcrumb\":{\"@id\":\"https:\/\/www.p2-ingenieure.de\/gut\/home-2\/datenschutz-dsgvo\/#breadcrumb\"},\"inLanguage\":\"de\",\"potentialAction\":[{\"@type\":\"ReadAction\",\"target\":[\"https:\/\/www.p2-ingenieure.de\/gut\/home-2\/datenschutz-dsgvo\/\"]}]},{\"@type\":\"ImageObject\",\"inLanguage\":\"de\",\"@id\":\"https:\/\/www.p2-ingenieure.de\/gut\/home-2\/datenschutz-dsgvo\/#primaryimage\",\"url\":\"https:\/\/www.p2-ingenieure.de\/gut\/wp-content\/uploads\/2018\/04\/Datenschutz_img_cam-1.jpg\",\"contentUrl\":\"https:\/\/www.p2-ingenieure.de\/gut\/wp-content\/uploads\/2018\/04\/Datenschutz_img_cam-1.jpg\",\"width\":945,\"height\":350},{\"@type\":\"BreadcrumbList\",\"@id\":\"https:\/\/www.p2-ingenieure.de\/gut\/home-2\/datenschutz-dsgvo\/#breadcrumb\",\"itemListElement\":[{\"@type\":\"ListItem\",\"position\":1,\"name\":\"Startseite\",\"item\":\"https:\/\/www.p2-ingenieure.de\/gut\/\"},{\"@type\":\"ListItem\",\"position\":2,\"name\":\"Home\",\"item\":\"https:\/\/www.p2-ingenieure.de\/gut\/\"},{\"@type\":\"ListItem\",\"position\":3,\"name\":\"Datenschutzerkl\u00e4rung\"}]},{\"@type\":\"WebSite\",\"@id\":\"https:\/\/www.p2-ingenieure.de\/gut\/#website\",\"url\":\"https:\/\/www.p2-ingenieure.de\/gut\/\",\"name\":\"P\u00b2 Ingenieure\",\"description\":\"Ingenieurb\u00fcro Sabine und Manfred Puche\",\"publisher\":{\"@id\":\"https:\/\/www.p2-ingenieure.de\/gut\/#organization\"},\"potentialAction\":[{\"@type\":\"SearchAction\",\"target\":{\"@type\":\"EntryPoint\",\"urlTemplate\":\"https:\/\/www.p2-ingenieure.de\/gut\/?s={search_term_string}\"},\"query-input\":{\"@type\":\"PropertyValueSpecification\",\"valueRequired\":true,\"valueName\":\"search_term_string\"}}],\"inLanguage\":\"de\"},{\"@type\":\"Organization\",\"@id\":\"https:\/\/www.p2-ingenieure.de\/gut\/#organization\",\"name\":\"P\u00b2 Ingenieure\",\"url\":\"https:\/\/www.p2-ingenieure.de\/gut\/\",\"logo\":{\"@type\":\"ImageObject\",\"inLanguage\":\"de\",\"@id\":\"https:\/\/www.p2-ingenieure.de\/gut\/#\/schema\/logo\/image\/\",\"url\":\"https:\/\/www.p2-ingenieure.de\/gut\/wp-content\/uploads\/2025\/02\/cropped-logo200x200.png\",\"contentUrl\":\"https:\/\/www.p2-ingenieure.de\/gut\/wp-content\/uploads\/2025\/02\/cropped-logo200x200.png\",\"width\":512,\"height\":512,\"caption\":\"P\u00b2 Ingenieure\"},\"image\":{\"@id\":\"https:\/\/www.p2-ingenieure.de\/gut\/#\/schema\/logo\/image\/\"}}]}<\/script>\n<!-- \/ Yoast SEO plugin. -->","yoast_head_json":{"title":"Datenschutzerkl\u00e4rung - P\u00b2 Ingenieure","robots":{"index":"noindex","follow":"nofollow"},"og_locale":"de_DE","og_type":"article","og_title":"Datenschutzerkl\u00e4rung - P\u00b2 Ingenieure","og_description":"Hinweise zum Schutz personenbezogener Daten gem\u00e4\u00df DSGVO","og_url":"https:\/\/www.p2-ingenieure.de\/gut\/home-2\/datenschutz-dsgvo\/","og_site_name":"P\u00b2 Ingenieure","article_modified_time":"2025-03-02T19:35:07+00:00","og_image":[{"width":945,"height":350,"url":"https:\/\/www.p2-ingenieure.de\/gut\/wp-content\/uploads\/2018\/04\/Datenschutz_img_cam-1.jpg","type":"image\/jpeg"}],"twitter_card":"summary_large_image","twitter_misc":{"Gesch\u00e4tzte Lesezeit":"5\u00a0Minuten"},"schema":{"@context":"https:\/\/schema.org","@graph":[{"@type":"WebPage","@id":"https:\/\/www.p2-ingenieure.de\/gut\/home-2\/datenschutz-dsgvo\/","url":"https:\/\/www.p2-ingenieure.de\/gut\/home-2\/datenschutz-dsgvo\/","name":"Datenschutzerkl\u00e4rung - P\u00b2 Ingenieure","isPartOf":{"@id":"https:\/\/www.p2-ingenieure.de\/gut\/#website"},"primaryImageOfPage":{"@id":"https:\/\/www.p2-ingenieure.de\/gut\/home-2\/datenschutz-dsgvo\/#primaryimage"},"image":{"@id":"https:\/\/www.p2-ingenieure.de\/gut\/home-2\/datenschutz-dsgvo\/#primaryimage"},"thumbnailUrl":"https:\/\/www.p2-ingenieure.de\/gut\/wp-content\/uploads\/2018\/04\/Datenschutz_img_cam-1.jpg","datePublished":"2024-12-28T19:00:57+00:00","dateModified":"2025-03-02T19:35:07+00:00","breadcrumb":{"@id":"https:\/\/www.p2-ingenieure.de\/gut\/home-2\/datenschutz-dsgvo\/#breadcrumb"},"inLanguage":"de","potentialAction":[{"@type":"ReadAction","target":["https:\/\/www.p2-ingenieure.de\/gut\/home-2\/datenschutz-dsgvo\/"]}]},{"@type":"ImageObject","inLanguage":"de","@id":"https:\/\/www.p2-ingenieure.de\/gut\/home-2\/datenschutz-dsgvo\/#primaryimage","url":"https:\/\/www.p2-ingenieure.de\/gut\/wp-content\/uploads\/2018\/04\/Datenschutz_img_cam-1.jpg","contentUrl":"https:\/\/www.p2-ingenieure.de\/gut\/wp-content\/uploads\/2018\/04\/Datenschutz_img_cam-1.jpg","width":945,"height":350},{"@type":"BreadcrumbList","@id":"https:\/\/www.p2-ingenieure.de\/gut\/home-2\/datenschutz-dsgvo\/#breadcrumb","itemListElement":[{"@type":"ListItem","position":1,"name":"Startseite","item":"https:\/\/www.p2-ingenieure.de\/gut\/"},{"@type":"ListItem","position":2,"name":"Home","item":"https:\/\/www.p2-ingenieure.de\/gut\/"},{"@type":"ListItem","position":3,"name":"Datenschutzerkl\u00e4rung"}]},{"@type":"WebSite","@id":"https:\/\/www.p2-ingenieure.de\/gut\/#website","url":"https:\/\/www.p2-ingenieure.de\/gut\/","name":"P\u00b2 Ingenieure","description":"Ingenieurb\u00fcro Sabine und Manfred Puche","publisher":{"@id":"https:\/\/www.p2-ingenieure.de\/gut\/#organization"},"potentialAction":[{"@type":"SearchAction","target":{"@type":"EntryPoint","urlTemplate":"https:\/\/www.p2-ingenieure.de\/gut\/?s={search_term_string}"},"query-input":{"@type":"PropertyValueSpecification","valueRequired":true,"valueName":"search_term_string"}}],"inLanguage":"de"},{"@type":"Organization","@id":"https:\/\/www.p2-ingenieure.de\/gut\/#organization","name":"P\u00b2 Ingenieure","url":"https:\/\/www.p2-ingenieure.de\/gut\/","logo":{"@type":"ImageObject","inLanguage":"de","@id":"https:\/\/www.p2-ingenieure.de\/gut\/#\/schema\/logo\/image\/","url":"https:\/\/www.p2-ingenieure.de\/gut\/wp-content\/uploads\/2025\/02\/cropped-logo200x200.png","contentUrl":"https:\/\/www.p2-ingenieure.de\/gut\/wp-content\/uploads\/2025\/02\/cropped-logo200x200.png","width":512,"height":512,"caption":"P\u00b2 Ingenieure"},"image":{"@id":"https:\/\/www.p2-ingenieure.de\/gut\/#\/schema\/logo\/image\/"}}]}},"_links":{"self":[{"href":"https:\/\/www.p2-ingenieure.de\/gut\/wp-json\/wp\/v2\/pages\/1647","targetHints":{"allow":["GET"]}}],"collection":[{"href":"https:\/\/www.p2-ingenieure.de\/gut\/wp-json\/wp\/v2\/pages"}],"about":[{"href":"https:\/\/www.p2-ingenieure.de\/gut\/wp-json\/wp\/v2\/types\/page"}],"author":[{"embeddable":true,"href":"https:\/\/www.p2-ingenieure.de\/gut\/wp-json\/wp\/v2\/users\/1"}],"replies":[{"embeddable":true,"href":"https:\/\/www.p2-ingenieure.de\/gut\/wp-json\/wp\/v2\/comments?post=1647"}],"version-history":[{"count":4,"href":"https:\/\/www.p2-ingenieure.de\/gut\/wp-json\/wp\/v2\/pages\/1647\/revisions"}],"predecessor-version":[{"id":3127,"href":"https:\/\/www.p2-ingenieure.de\/gut\/wp-json\/wp\/v2\/pages\/1647\/revisions\/3127"}],"up":[{"embeddable":true,"href":"https:\/\/www.p2-ingenieure.de\/gut\/wp-json\/wp\/v2\/pages\/2595"}],"wp:featuredmedia":[{"embeddable":true,"href":"https:\/\/www.p2-ingenieure.de\/gut\/wp-json\/wp\/v2\/media\/1653"}],"wp:attachment":[{"href":"https:\/\/www.p2-ingenieure.de\/gut\/wp-json\/wp\/v2\/media?parent=1647"}],"curies":[{"name":"wp","href":"https:\/\/api.w.org\/{rel}","templated":true}]}}