{"id":8,"date":"2024-12-28T19:59:47","date_gmt":"2024-12-28T18:59:47","guid":{"rendered":"http:\/\/www.p2-ingenieure.de\/wordpress\/?page_id=5"},"modified":"2025-01-26T17:32:07","modified_gmt":"2025-01-26T16:32:07","slug":"uber-uns","status":"publish","type":"page","link":"https:\/\/www.p2-ingenieure.de\/gut\/home-2\/uber-uns\/","title":{"rendered":"\u00dcber uns"},"content":{"rendered":"<div class=\"wpb-content-wrapper\">[vc_row content_placement=&#8220;middle&#8220; el_class=&#8220;wpex-mt-40&#8243;][vc_column width=&#8220;3\/5&#8243;]<style>.vcex-heading.vcex_69d35bbf61828{font-size:var(--wpex-text-lg);font-weight:700;line-height:1;}<\/style><span class=\"vcex-heading vcex-heading-plain vcex-module wpex-heading wpex-text-2xl vc_custom_1737898202952 vcex_69d35bbf61828\"><span class=\"vcex-heading-inner wpex-inline-block\">Hallo! Wird sind<\/span><\/span>[vc_column_text css=&#8220;&#8220;]Prof. Dr.- Ing.[\/vc_column_text]<style>.vcex-heading.vcex_69d35bbf62943{font-size:var(--wpex-text-4xl);font-weight:900;}<\/style><h2 class=\"vcex-heading vcex-heading-plain vcex-module wpex-heading wpex-text-2xl vcex_69d35bbf62943\"><span class=\"vcex-heading-inner wpex-inline-block\">Manfred Puche<\/span><\/h2><style>.vcex-heading.vcex_69d35bbf62e6c{font-size:var(--wpex-text-base);font-weight:600;}<\/style><div class=\"vcex-heading vcex-heading-plain vcex-module wpex-heading wpex-text-2xl wpex-mb-30 vcex_69d35bbf62e6c\"><span class=\"vcex-heading-inner wpex-inline-block\">\u00f6ffentlich bestellter und vereidigter (\u00f6.b.u.v.) Sachverst\u00e4ndiger,<\/span><\/div>[vc_column_text css=&#8220;&#8220;]<strong>T\u00e4tigkeiten<\/strong>:<\/p>\n<ul>\n<li>Hochtief AG Frankfurt\/M.<\/li>\n<li>Treuhandelsgesellschaft AG<\/li>\n<li>Quelle Immobiliengruppe Berlin<\/li>\n<li>Puche &amp; Partner Verm\u00f6gensverwaltung<\/li>\n<li>HWR Hochschule f\u00fcr Wirtschaft und Recht Berlin<\/li>\n<li>Sachverst\u00e4ndigent\u00e4tigkeit<\/li>\n<li>Lehre und Seminare<\/li>\n<\/ul>\n[\/vc_column_text]<style>.vcex-button.vcex_69d35bbf636bc{border-radius:15px;background:#fc5b7c;padding-block:10px;padding-inline:30px;font-size:var(--wpex-text-lg);}.vcex-button.vcex_69d35bbf636bc:hover{background:#ff005e!important;}<\/style><div class=\"vc_custom_1737898159265  wpb_animate_when_almost_visible wpb_left-to-right left-to-right wpex-clr\"><a href=\"https:\/\/www.p2-ingenieure.de\/gut\/uber-uns\/kontakt\/\" class=\"vcex-button theme-button inline hvr hvr-shadow vcex_69d35bbf636bc\"><span class=\"vcex-button-inner theme-button-inner wpex-flex wpex-flex-wrap wpex-items-center wpex-justify-center\">zum Kontaktformular<\/span><\/a><\/div> [\/vc_column][vc_column width=&#8220;2\/5&#8243;]<figure class=\"vcex-image vcex-module\"><div class=\"vcex-image-inner wpex-relative wpex-inline-block\"><img width=\"300\" height=\"450\" src=\"https:\/\/www.p2-ingenieure.de\/gut\/wp-content\/uploads\/2010\/05\/Mpuche1-1.jpg\" class=\"vcex-image-img wpex-align-middle wpex-aspect-3-4 wpex-object-cover wpex-shadow-md\" alt=\"\" loading=\"lazy\" decoding=\"async\" srcset=\"https:\/\/www.p2-ingenieure.de\/gut\/wp-content\/uploads\/2010\/05\/Mpuche1-1.jpg 300w, https:\/\/www.p2-ingenieure.de\/gut\/wp-content\/uploads\/2010\/05\/Mpuche1-1-200x300.jpg 200w\" sizes=\"auto, (max-width: 300px) 100vw, 300px\" \/><\/div><\/figure>[\/vc_column][\/vc_row][vc_row css=&#8220;.vc_custom_1737897370732{margin-top: 20px !important;}&#8220;][vc_column width=&#8220;2\/5&#8243;]<figure class=\"vcex-image vcex-module\"><div class=\"vcex-image-inner wpex-relative wpex-inline-block\"><img width=\"300\" height=\"450\" src=\"https:\/\/www.p2-ingenieure.de\/gut\/wp-content\/uploads\/2010\/05\/Spuche1-1.jpg\" class=\"vcex-image-img wpex-align-middle wpex-aspect-3-4 wpex-object-cover wpex-shadow-md\" alt=\"\" loading=\"lazy\" decoding=\"async\" srcset=\"https:\/\/www.p2-ingenieure.de\/gut\/wp-content\/uploads\/2010\/05\/Spuche1-1.jpg 300w, https:\/\/www.p2-ingenieure.de\/gut\/wp-content\/uploads\/2010\/05\/Spuche1-1-200x300.jpg 200w\" sizes=\"auto, (max-width: 300px) 100vw, 300px\" \/><\/div><\/figure>[\/vc_column][vc_column width=&#8220;3\/5&#8243;]<style>.vcex-heading.vcex_69d35bbf66c1c{font-size:var(--wpex-text-lg);font-weight:700;line-height:1;}<\/style><span class=\"vcex-heading vcex-heading-plain vcex-module wpex-heading wpex-text-2xl vcex_69d35bbf66c1c\"><span class=\"vcex-heading-inner wpex-inline-block\">und<\/span><\/span><style>.vcex-heading.vcex_69d35bbf672b0{font-size:var(--wpex-text-4xl);font-weight:900;}<\/style><h2 class=\"vcex-heading vcex-heading-plain vcex-module wpex-heading wpex-text-2xl vcex_69d35bbf672b0\"><span class=\"vcex-heading-inner wpex-inline-block\">Sabine Puche<\/span><\/h2>[vc_column_text css=&#8220;&#8220;]<b>ehem. Architektin<br \/>\n<\/b><b>Planung im Hochbau<\/b><\/p>\n[\/vc_column_text][\/vc_column][\/vc_row]\n<\/div>","protected":false},"excerpt":{"rendered":"<p>[vc_row content_placement=&#8220;middle&#8220; el_class=&#8220;wpex-mt-40&#8243;][vc_column width=&#8220;3\/5&#8243;][vc_column_text css=&#8220;&#8220;]Prof. Dr.- Ing.[\/vc_column_text][vc_column_text css=&#8220;&#8220;]T\u00e4tigkeiten: Hochtief AG Frankfurt\/M. Treuhandelsgesellschaft AG Quelle Immobiliengruppe Berlin Puche &amp; Partner Verm\u00f6gensverwaltung HWR Hochschule f\u00fcr Wirtschaft und Recht Berlin Sachverst\u00e4ndigent\u00e4tigkeit Lehre und Seminare [\/vc_column_text][\/vc_column][vc_column width=&#8220;2\/5&#8243;][\/vc_column][\/vc_row][vc_row css=&#8220;.vc_custom_1737897370732{margin-top: 20px !important;}&#8220;][vc_column width=&#8220;2\/5&#8243;][\/vc_column][vc_column width=&#8220;3\/5&#8243;][vc_column_text css=&#8220;&#8220;]ehem. Architektin Planung im Hochbau [\/vc_column_text][\/vc_column][\/vc_row]<\/p>\n","protected":false},"author":1,"featured_media":0,"parent":2595,"menu_order":1,"comment_status":"closed","ping_status":"closed","template":"","meta":{"footnotes":""},"class_list":["post-8","page","type-page","status-publish","hentry","entry","no-media"],"yoast_head":"<!-- This site is optimized with the Yoast SEO plugin v25.9 - https:\/\/yoast.com\/wordpress\/plugins\/seo\/ -->\n<title>\u00dcber uns - P\u00b2 Ingenieure<\/title>\n<meta name=\"robots\" content=\"index, follow, max-snippet:-1, max-image-preview:large, max-video-preview:-1\" \/>\n<link rel=\"canonical\" href=\"https:\/\/www.p2-ingenieure.de\/gut\/home-2\/uber-uns\/\" \/>\n<meta property=\"og:locale\" content=\"de_DE\" \/>\n<meta property=\"og:type\" content=\"article\" \/>\n<meta property=\"og:title\" content=\"\u00dcber uns - P\u00b2 Ingenieure\" \/>\n<meta property=\"og:description\" content=\"[vc_row content_placement=&#8220;middle&#8220; el_class=&#8220;wpex-mt-40&#8243;][vc_column width=&#8220;3\/5&#8243;][vc_column_text css=&#8220;&#8220;]Prof. Dr.- Ing.[\/vc_column_text][vc_column_text css=&#8220;&#8220;]T\u00e4tigkeiten: Hochtief AG Frankfurt\/M. Treuhandelsgesellschaft AG Quelle Immobiliengruppe Berlin Puche &amp; Partner Verm\u00f6gensverwaltung HWR Hochschule f\u00fcr Wirtschaft und Recht Berlin Sachverst\u00e4ndigent\u00e4tigkeit Lehre und Seminare [\/vc_column_text][\/vc_column][vc_column width=&#8220;2\/5&#8243;][\/vc_column][\/vc_row][vc_row css=&#8220;.vc_custom_1737897370732{margin-top: 20px !important;}&#8220;][vc_column width=&#8220;2\/5&#8243;][\/vc_column][vc_column width=&#8220;3\/5&#8243;][vc_column_text css=&#8220;&#8220;]ehem. Architektin Planung im Hochbau [\/vc_column_text][\/vc_column][\/vc_row]\" \/>\n<meta property=\"og:url\" content=\"https:\/\/www.p2-ingenieure.de\/gut\/home-2\/uber-uns\/\" \/>\n<meta property=\"og:site_name\" content=\"P\u00b2 Ingenieure\" \/>\n<meta property=\"article:modified_time\" content=\"2025-01-26T16:32:07+00:00\" \/>\n<meta name=\"twitter:card\" content=\"summary_large_image\" \/>\n<meta name=\"twitter:label1\" content=\"Gesch\u00e4tzte Lesezeit\" \/>\n\t<meta name=\"twitter:data1\" content=\"1\u00a0Minute\" \/>\n<script type=\"application\/ld+json\" class=\"yoast-schema-graph\">{\"@context\":\"https:\/\/schema.org\",\"@graph\":[{\"@type\":\"WebPage\",\"@id\":\"https:\/\/www.p2-ingenieure.de\/gut\/home-2\/uber-uns\/\",\"url\":\"https:\/\/www.p2-ingenieure.de\/gut\/home-2\/uber-uns\/\",\"name\":\"\u00dcber uns - P\u00b2 Ingenieure\",\"isPartOf\":{\"@id\":\"https:\/\/www.p2-ingenieure.de\/gut\/#website\"},\"datePublished\":\"2024-12-28T18:59:47+00:00\",\"dateModified\":\"2025-01-26T16:32:07+00:00\",\"breadcrumb\":{\"@id\":\"https:\/\/www.p2-ingenieure.de\/gut\/home-2\/uber-uns\/#breadcrumb\"},\"inLanguage\":\"de\",\"potentialAction\":[{\"@type\":\"ReadAction\",\"target\":[\"https:\/\/www.p2-ingenieure.de\/gut\/home-2\/uber-uns\/\"]}]},{\"@type\":\"BreadcrumbList\",\"@id\":\"https:\/\/www.p2-ingenieure.de\/gut\/home-2\/uber-uns\/#breadcrumb\",\"itemListElement\":[{\"@type\":\"ListItem\",\"position\":1,\"name\":\"Startseite\",\"item\":\"https:\/\/www.p2-ingenieure.de\/gut\/\"},{\"@type\":\"ListItem\",\"position\":2,\"name\":\"Home\",\"item\":\"https:\/\/www.p2-ingenieure.de\/gut\/\"},{\"@type\":\"ListItem\",\"position\":3,\"name\":\"\u00dcber uns\"}]},{\"@type\":\"WebSite\",\"@id\":\"https:\/\/www.p2-ingenieure.de\/gut\/#website\",\"url\":\"https:\/\/www.p2-ingenieure.de\/gut\/\",\"name\":\"P\u00b2 Ingenieure\",\"description\":\"Ingenieurb\u00fcro Sabine und Manfred Puche\",\"publisher\":{\"@id\":\"https:\/\/www.p2-ingenieure.de\/gut\/#organization\"},\"potentialAction\":[{\"@type\":\"SearchAction\",\"target\":{\"@type\":\"EntryPoint\",\"urlTemplate\":\"https:\/\/www.p2-ingenieure.de\/gut\/?s={search_term_string}\"},\"query-input\":{\"@type\":\"PropertyValueSpecification\",\"valueRequired\":true,\"valueName\":\"search_term_string\"}}],\"inLanguage\":\"de\"},{\"@type\":\"Organization\",\"@id\":\"https:\/\/www.p2-ingenieure.de\/gut\/#organization\",\"name\":\"P\u00b2 Ingenieure\",\"url\":\"https:\/\/www.p2-ingenieure.de\/gut\/\",\"logo\":{\"@type\":\"ImageObject\",\"inLanguage\":\"de\",\"@id\":\"https:\/\/www.p2-ingenieure.de\/gut\/#\/schema\/logo\/image\/\",\"url\":\"https:\/\/www.p2-ingenieure.de\/gut\/wp-content\/uploads\/2025\/02\/cropped-logo200x200.png\",\"contentUrl\":\"https:\/\/www.p2-ingenieure.de\/gut\/wp-content\/uploads\/2025\/02\/cropped-logo200x200.png\",\"width\":512,\"height\":512,\"caption\":\"P\u00b2 Ingenieure\"},\"image\":{\"@id\":\"https:\/\/www.p2-ingenieure.de\/gut\/#\/schema\/logo\/image\/\"}}]}<\/script>\n<!-- \/ Yoast SEO plugin. -->","yoast_head_json":{"title":"\u00dcber uns - P\u00b2 Ingenieure","robots":{"index":"index","follow":"follow","max-snippet":"max-snippet:-1","max-image-preview":"max-image-preview:large","max-video-preview":"max-video-preview:-1"},"canonical":"https:\/\/www.p2-ingenieure.de\/gut\/home-2\/uber-uns\/","og_locale":"de_DE","og_type":"article","og_title":"\u00dcber uns - P\u00b2 Ingenieure","og_description":"[vc_row content_placement=&#8220;middle&#8220; el_class=&#8220;wpex-mt-40&#8243;][vc_column width=&#8220;3\/5&#8243;][vc_column_text css=&#8220;&#8220;]Prof. Dr.- Ing.[\/vc_column_text][vc_column_text css=&#8220;&#8220;]T\u00e4tigkeiten: Hochtief AG Frankfurt\/M. Treuhandelsgesellschaft AG Quelle Immobiliengruppe Berlin Puche &amp; Partner Verm\u00f6gensverwaltung HWR Hochschule f\u00fcr Wirtschaft und Recht Berlin Sachverst\u00e4ndigent\u00e4tigkeit Lehre und Seminare [\/vc_column_text][\/vc_column][vc_column width=&#8220;2\/5&#8243;][\/vc_column][\/vc_row][vc_row css=&#8220;.vc_custom_1737897370732{margin-top: 20px !important;}&#8220;][vc_column width=&#8220;2\/5&#8243;][\/vc_column][vc_column width=&#8220;3\/5&#8243;][vc_column_text css=&#8220;&#8220;]ehem. Architektin Planung im Hochbau [\/vc_column_text][\/vc_column][\/vc_row]","og_url":"https:\/\/www.p2-ingenieure.de\/gut\/home-2\/uber-uns\/","og_site_name":"P\u00b2 Ingenieure","article_modified_time":"2025-01-26T16:32:07+00:00","twitter_card":"summary_large_image","twitter_misc":{"Gesch\u00e4tzte Lesezeit":"1\u00a0Minute"},"schema":{"@context":"https:\/\/schema.org","@graph":[{"@type":"WebPage","@id":"https:\/\/www.p2-ingenieure.de\/gut\/home-2\/uber-uns\/","url":"https:\/\/www.p2-ingenieure.de\/gut\/home-2\/uber-uns\/","name":"\u00dcber uns - P\u00b2 Ingenieure","isPartOf":{"@id":"https:\/\/www.p2-ingenieure.de\/gut\/#website"},"datePublished":"2024-12-28T18:59:47+00:00","dateModified":"2025-01-26T16:32:07+00:00","breadcrumb":{"@id":"https:\/\/www.p2-ingenieure.de\/gut\/home-2\/uber-uns\/#breadcrumb"},"inLanguage":"de","potentialAction":[{"@type":"ReadAction","target":["https:\/\/www.p2-ingenieure.de\/gut\/home-2\/uber-uns\/"]}]},{"@type":"BreadcrumbList","@id":"https:\/\/www.p2-ingenieure.de\/gut\/home-2\/uber-uns\/#breadcrumb","itemListElement":[{"@type":"ListItem","position":1,"name":"Startseite","item":"https:\/\/www.p2-ingenieure.de\/gut\/"},{"@type":"ListItem","position":2,"name":"Home","item":"https:\/\/www.p2-ingenieure.de\/gut\/"},{"@type":"ListItem","position":3,"name":"\u00dcber uns"}]},{"@type":"WebSite","@id":"https:\/\/www.p2-ingenieure.de\/gut\/#website","url":"https:\/\/www.p2-ingenieure.de\/gut\/","name":"P\u00b2 Ingenieure","description":"Ingenieurb\u00fcro Sabine und Manfred Puche","publisher":{"@id":"https:\/\/www.p2-ingenieure.de\/gut\/#organization"},"potentialAction":[{"@type":"SearchAction","target":{"@type":"EntryPoint","urlTemplate":"https:\/\/www.p2-ingenieure.de\/gut\/?s={search_term_string}"},"query-input":{"@type":"PropertyValueSpecification","valueRequired":true,"valueName":"search_term_string"}}],"inLanguage":"de"},{"@type":"Organization","@id":"https:\/\/www.p2-ingenieure.de\/gut\/#organization","name":"P\u00b2 Ingenieure","url":"https:\/\/www.p2-ingenieure.de\/gut\/","logo":{"@type":"ImageObject","inLanguage":"de","@id":"https:\/\/www.p2-ingenieure.de\/gut\/#\/schema\/logo\/image\/","url":"https:\/\/www.p2-ingenieure.de\/gut\/wp-content\/uploads\/2025\/02\/cropped-logo200x200.png","contentUrl":"https:\/\/www.p2-ingenieure.de\/gut\/wp-content\/uploads\/2025\/02\/cropped-logo200x200.png","width":512,"height":512,"caption":"P\u00b2 Ingenieure"},"image":{"@id":"https:\/\/www.p2-ingenieure.de\/gut\/#\/schema\/logo\/image\/"}}]}},"_links":{"self":[{"href":"https:\/\/www.p2-ingenieure.de\/gut\/wp-json\/wp\/v2\/pages\/8","targetHints":{"allow":["GET"]}}],"collection":[{"href":"https:\/\/www.p2-ingenieure.de\/gut\/wp-json\/wp\/v2\/pages"}],"about":[{"href":"https:\/\/www.p2-ingenieure.de\/gut\/wp-json\/wp\/v2\/types\/page"}],"author":[{"embeddable":true,"href":"https:\/\/www.p2-ingenieure.de\/gut\/wp-json\/wp\/v2\/users\/1"}],"replies":[{"embeddable":true,"href":"https:\/\/www.p2-ingenieure.de\/gut\/wp-json\/wp\/v2\/comments?post=8"}],"version-history":[{"count":6,"href":"https:\/\/www.p2-ingenieure.de\/gut\/wp-json\/wp\/v2\/pages\/8\/revisions"}],"predecessor-version":[{"id":2979,"href":"https:\/\/www.p2-ingenieure.de\/gut\/wp-json\/wp\/v2\/pages\/8\/revisions\/2979"}],"up":[{"embeddable":true,"href":"https:\/\/www.p2-ingenieure.de\/gut\/wp-json\/wp\/v2\/pages\/2595"}],"wp:attachment":[{"href":"https:\/\/www.p2-ingenieure.de\/gut\/wp-json\/wp\/v2\/media?parent=8"}],"curies":[{"name":"wp","href":"https:\/\/api.w.org\/{rel}","templated":true}]}}